{"id":2295,"date":"2021-08-16T09:52:02","date_gmt":"2021-08-16T09:52:02","guid":{"rendered":"http:\/\/izmer.com\/btm\/corrubit-oluklu-bitumlu-cati-kaplamalari\/"},"modified":"2026-03-14T19:18:07","modified_gmt":"2026-03-14T17:18:07","slug":"corrubit-oluklu-bitumlu-cati-kaplamalari","status":"publish","type":"page","link":"https:\/\/izmer.com\/en\/btm\/corrubit-oluklu-bitumlu-cati-kaplamalari\/","title":{"rendered":"Corrubit Oluklu Bit\u00fcml\u00fc \u00c7at\u0131 Kaplamalar\u0131"},"content":{"rendered":"<div class=\"wpb-content-wrapper\"><p>[vc_row full_width=&#8221;stretch_row&#8221; css=&#8221;.vc_custom_1752739363220{margin-top: -50px !important;background-image: url(http:\/\/izmer.com\/site\/wp-content\/uploads\/2021\/08\/01_original-2-scaled.jpg?id=2277) !important;background-position: center !important;background-repeat: no-repeat !important;background-size: cover !important;}&#8221; wpex_bg_position=&#8221;top&#8221; woodmart_css_id=&#8221;6878ae1e04e43&#8243; responsive_spacing=&#8221;eyJwYXJhbV90eXBlIjoid29vZG1hcnRfcmVzcG9uc2l2ZV9zcGFjaW5nIiwic2VsZWN0b3JfaWQiOiI2ODc4YWUxZTA0ZTQzIiwic2hvcnRjb2RlIjoidmNfcm93IiwiZGF0YSI6eyJ0YWJsZXQiOnt9LCJtb2JpbGUiOnt9fX0=&#8221; mobile_bg_img_hidden=&#8221;no&#8221; tablet_bg_img_hidden=&#8221;no&#8221; woodmart_parallax=&#8221;0&#8243; woodmart_gradient_switch=&#8221;no&#8221; woodmart_box_shadow=&#8221;no&#8221; wd_z_index=&#8221;no&#8221; woodmart_disable_overflow=&#8221;0&#8243; row_reverse_mobile=&#8221;0&#8243; row_reverse_tablet=&#8221;0&#8243;][vc_column]\n\t\t<div id=\"wd-6878af886145f\" class=\"title-wrapper wd-wpb wd-set-mb reset-last-child  wd-animation-slide-from-top wd-animation-normal wd-rs-6878af886145f wd-title-color-white wd-title-style-underlined text-center  wd-underline-colored\">\n\t\t\t\t\t\t\t\n\t\t\t\t<div class=\"title-subtitle  subtitle-color-white font-default subtitle-style-default wd-font-weight- wd-fontsize-xs\">\u0130 Z M E R<\/div>\n\t\t\t\n\t\t\t<div class=\"liner-continer\">\n\t\t\t\t<h4 class=\"woodmart-title-container title  wd-font-weight- wd-fontsize-l\" >Corrubit Corrugated Bituminous Sheets<br \/>\n<\/h4>\n\t\t\t\t\t\t\t<\/div>\n\t\t\t\n\t\t\t\n\t\t\t\n\t\t<\/div>\n\t\t\n\t\t[\/vc_column][\/vc_row][vc_row][vc_column]\n\t\t<div id=\"wd-6878af9406285\" class=\"title-wrapper wd-wpb wd-set-mb reset-last-child  wd-animation-slide-from-top wd-animation-normal wd-rs-6878af9406285 wd-title-color-black wd-title-style-underlined text-center  wd-underline-colored\">\n\t\t\t\t\t\t\t\n\t\t\t\t<div class=\"title-subtitle  subtitle-color-black font-default subtitle-style-default wd-font-weight- wd-fontsize-xs\">\u0130 Z M E R<\/div>\n\t\t\t\n\t\t\t<div class=\"liner-continer\">\n\t\t\t\t<h4 class=\"woodmart-title-container title  wd-font-weight- wd-fontsize-l\" >Places of Use<br \/>\n<\/h4>\n\t\t\t\t\t\t\t<\/div>\n\t\t\t\n\t\t\t\n\t\t\t\n\t\t<\/div>\n\t\t\n\t\t[vc_column_text css=&#8221;&#8221; woodmart_inline=&#8221;no&#8221; text_larger=&#8221;no&#8221;]<\/p>\n<ul>\n<li>For waterproofing purposes on roofs with a minimum slope of 9%,<\/li>\n<li>On any steel, wooden or reinforced concrete construction.<\/li>\n<\/ul>\n<p>[\/vc_column_text]\n\t\t<div id=\"wd-6878afa70543c\" class=\"title-wrapper wd-wpb wd-set-mb reset-last-child  wd-animation-slide-from-top wd-animation-normal wd-rs-6878afa70543c wd-title-color-black wd-title-style-underlined text-center  wd-underline-colored\">\n\t\t\t\t\t\t\t\n\t\t\t\t<div class=\"title-subtitle  subtitle-color-black font-default subtitle-style-default wd-font-weight- wd-fontsize-xs\">\u0130 Z M E R<\/div>\n\t\t\t\n\t\t\t<div class=\"liner-continer\">\n\t\t\t\t<h4 class=\"woodmart-title-container title  wd-font-weight- wd-fontsize-l\" >Product Options<br \/>\n<\/h4>\n\t\t\t\t\t\t\t<\/div>\n\t\t\t\n\t\t\t\n\t\t\t\n\t\t<\/div>\n\t\t\n\t\t[\/vc_column][\/vc_row][vc_row equal_height=&#8221;yes&#8221; content_placement=&#8221;middle&#8221;][vc_column width=&#8221;1\/4&#8243;][vc_custom_heading text=&#8221;BTM Corrubit A 2000*930 Red EX\/200P&#8221; font_container=&#8221;tag:h3|text_align:center&#8221; use_theme_fonts=&#8221;yes&#8221; css=&#8221;&#8221;]\t\t<div id=\"gallery_603\" class=\"wd-images-gallery wd-wpb wd-rs-6878aede05273 photoswipe-images\" style=\"--wd-justify-content:center;--wd-align-items:center;\">\n\t\t\t\n\t\t\t<div class=\" wd-grid-g\" style=\"--wd-col-lg:1;--wd-col-md:1;--wd-col-sm:1;--wd-gap-lg:0px;\">\n\t\t\t\t\n\t\t\t\t\t\t\t\t\t\t\t\t\t\t\t<div class=\"wd-gallery-item wd-col\">\n\t\t\t\t\t\t\t\t\t\t\t\t\t\t<a href=\"https:\/\/izmer.com\/wp-content\/uploads\/2021\/08\/Corrubit-Kirmizi.jpg\" data-elementor-open-lightbox=\"no\" data-index=\"1\" data-width=\"585\" data-height=\"295\" \n\t\t\t\t\t\t\t\t\t\t\t\t >\n\t\t\t\t\t\t\t\t\n\t\t\t\t\t\t\t\t<img loading=\"lazy\" decoding=\"async\" width=\"300\" height=\"151\" src=\"https:\/\/izmer.com\/wp-content\/uploads\/2021\/08\/Corrubit-Kirmizi-300x151.jpg\" class=\"wd-gallery-image image-1\" alt=\"\" srcset=\"https:\/\/izmer.com\/wp-content\/uploads\/2021\/08\/Corrubit-Kirmizi-300x151.jpg 300w, https:\/\/izmer.com\/wp-content\/uploads\/2021\/08\/Corrubit-Kirmizi.jpg 585w\" sizes=\"auto, (max-width: 300px) 100vw, 300px\" \/>\n\t\t\t\t\t\t\t\t\t\t\t\t\t\t\t<\/a>\n\t\t\t\t\t\t\t\t\t\t\t\t<\/div>\n\t\t\t\t\t\t\t\t\t\n\t\t\t\t\t\t\t<\/div>\n\n\t\t\t\t\t<\/div>\n\t\t[\/vc_column][vc_column width=&#8221;1\/4&#8243;][vc_custom_heading text=&#8221;BTM Corrubit A 2000*930 Green EX\/200P&#8221; font_container=&#8221;tag:h3|text_align:center&#8221; use_theme_fonts=&#8221;yes&#8221; css=&#8221;&#8221;]\t\t<div id=\"gallery_756\" class=\"wd-images-gallery wd-wpb wd-rs-6878af326f830 photoswipe-images\" style=\"--wd-justify-content:center;--wd-align-items:center;\">\n\t\t\t\n\t\t\t<div class=\" wd-grid-g\" style=\"--wd-col-lg:1;--wd-col-md:1;--wd-col-sm:1;--wd-gap-lg:0px;\">\n\t\t\t\t\n\t\t\t\t\t\t\t\t\t\t\t\t\t\t\t<div class=\"wd-gallery-item wd-col\">\n\t\t\t\t\t\t\t\t\t\t\t\t\t\t<a href=\"https:\/\/izmer.com\/wp-content\/uploads\/2021\/08\/Corrubit-Yesil.jpg\" data-elementor-open-lightbox=\"no\" data-index=\"1\" data-width=\"585\" data-height=\"295\" \n\t\t\t\t\t\t\t\t\t\t\t\t >\n\t\t\t\t\t\t\t\t\n\t\t\t\t\t\t\t\t<img loading=\"lazy\" decoding=\"async\" width=\"300\" height=\"151\" src=\"https:\/\/izmer.com\/wp-content\/uploads\/2021\/08\/Corrubit-Yesil-300x151.jpg\" class=\"wd-gallery-image image-1\" alt=\"\" srcset=\"https:\/\/izmer.com\/wp-content\/uploads\/2021\/08\/Corrubit-Yesil-300x151.jpg 300w, https:\/\/izmer.com\/wp-content\/uploads\/2021\/08\/Corrubit-Yesil.jpg 585w\" sizes=\"auto, (max-width: 300px) 100vw, 300px\" \/>\n\t\t\t\t\t\t\t\t\t\t\t\t\t\t\t<\/a>\n\t\t\t\t\t\t\t\t\t\t\t\t<\/div>\n\t\t\t\t\t\t\t\t\t\n\t\t\t\t\t\t\t<\/div>\n\n\t\t\t\t\t<\/div>\n\t\t[\/vc_column][vc_column width=&#8221;1\/4&#8243;][vc_custom_heading text=&#8221;BTM Corrubit 1000*450 Ridge Red \/ Green&#8221; font_container=&#8221;tag:h3|text_align:center&#8221; use_theme_fonts=&#8221;yes&#8221; css=&#8221;&#8221;]\t\t<div id=\"gallery_844\" class=\"wd-images-gallery wd-wpb wd-rs-6878aede05273 photoswipe-images\" style=\"--wd-justify-content:center;--wd-align-items:center;\">\n\t\t\t\n\t\t\t<div class=\" wd-grid-g\" style=\"--wd-col-lg:1;--wd-col-md:1;--wd-col-sm:1;--wd-gap-lg:0px;\">\n\t\t\t\t\n\t\t\t\t\t\t\t\t\t\t\t\t\t\t\t<div class=\"wd-gallery-item wd-col\">\n\t\t\t\t\t\t\t\t\t\t\t\t\t\t<a href=\"https:\/\/izmer.com\/wp-content\/uploads\/2021\/08\/Corrubit-Kirmizi.jpg\" data-elementor-open-lightbox=\"no\" data-index=\"1\" data-width=\"585\" data-height=\"295\" \n\t\t\t\t\t\t\t\t\t\t\t\t >\n\t\t\t\t\t\t\t\t\n\t\t\t\t\t\t\t\t<img loading=\"lazy\" decoding=\"async\" width=\"300\" height=\"151\" src=\"https:\/\/izmer.com\/wp-content\/uploads\/2021\/08\/Corrubit-Kirmizi-300x151.jpg\" class=\"wd-gallery-image image-1\" alt=\"\" srcset=\"https:\/\/izmer.com\/wp-content\/uploads\/2021\/08\/Corrubit-Kirmizi-300x151.jpg 300w, https:\/\/izmer.com\/wp-content\/uploads\/2021\/08\/Corrubit-Kirmizi.jpg 585w\" sizes=\"auto, (max-width: 300px) 100vw, 300px\" \/>\n\t\t\t\t\t\t\t\t\t\t\t\t\t\t\t<\/a>\n\t\t\t\t\t\t\t\t\t\t\t\t<\/div>\n\t\t\t\t\t\t\t\t\t\n\t\t\t\t\t\t\t<\/div>\n\n\t\t\t\t\t<\/div>\n\t\t[\/vc_column][vc_column width=&#8221;1\/4&#8243;][vc_custom_heading text=&#8221;BTM Corrubit Monoblock Oval Nail Red \/ Green&#8221; font_container=&#8221;tag:h3|text_align:center&#8221; use_theme_fonts=&#8221;yes&#8221; css=&#8221;&#8221;]\t\t<div id=\"gallery_992\" class=\"wd-images-gallery wd-wpb wd-rs-6878af57c327f photoswipe-images\" style=\"--wd-justify-content:center;--wd-align-items:center;\">\n\t\t\t\n\t\t\t<div class=\" wd-grid-g\" style=\"--wd-col-lg:1;--wd-col-md:1;--wd-col-sm:1;--wd-gap-lg:0px;\">\n\t\t\t\t\n\t\t\t\t\t\t\t\t\t\t\t\t\t\t\t<div class=\"wd-gallery-item wd-col\">\n\t\t\t\t\t\t\t\t\t\t\t\t\t\t<a href=\"https:\/\/izmer.com\/wp-content\/uploads\/2021\/08\/ci_vi_ler_original.jpg\" data-elementor-open-lightbox=\"no\" data-index=\"1\" data-width=\"1181\" data-height=\"591\" \n\t\t\t\t\t\t\t\t\t\t\t\t >\n\t\t\t\t\t\t\t\t\n\t\t\t\t\t\t\t\t<img loading=\"lazy\" decoding=\"async\" width=\"300\" height=\"150\" src=\"https:\/\/izmer.com\/wp-content\/uploads\/2021\/08\/ci_vi_ler_original-300x150.jpg\" class=\"wd-gallery-image image-1\" alt=\"\" srcset=\"https:\/\/izmer.com\/wp-content\/uploads\/2021\/08\/ci_vi_ler_original-300x150.jpg 300w, https:\/\/izmer.com\/wp-content\/uploads\/2021\/08\/ci_vi_ler_original-1024x512.jpg 1024w, https:\/\/izmer.com\/wp-content\/uploads\/2021\/08\/ci_vi_ler_original-768x384.jpg 768w, https:\/\/izmer.com\/wp-content\/uploads\/2021\/08\/ci_vi_ler_original.jpg 1181w\" sizes=\"auto, (max-width: 300px) 100vw, 300px\" \/>\n\t\t\t\t\t\t\t\t\t\t\t\t\t\t\t<\/a>\n\t\t\t\t\t\t\t\t\t\t\t\t<\/div>\n\t\t\t\t\t\t\t\t\t\n\t\t\t\t\t\t\t<\/div>\n\n\t\t\t\t\t<\/div>\n\t\t[\/vc_column][\/vc_row]<\/p>\n<\/div>","protected":false},"excerpt":{"rendered":"<p>[vc_row full_width=&#8221;stretch_row&#8221; css=&#8221;.vc_custom_1752739363220{margin-top: -50px !important;background-image: url(http:\/\/izmer.com\/site\/wp-content\/uploads\/2021\/08\/01_original-2-scaled.jpg?id=2277) !important;background-position: center !important;background-repeat: no-repeat !important;background-size: cover !important;}&#8221; wpex_bg_position=&#8221;top&#8221; woodmart_css_id=&#8221;6878ae1e04e43&#8243; responsive_spacing=&#8221;eyJwYXJhbV90eXBlIjoid29vZG1hcnRfcmVzcG9uc2l2ZV9zcGFjaW5nIiwic2VsZWN0b3JfaWQiOiI2ODc4YWUxZTA0ZTQzIiwic2hvcnRjb2RlIjoidmNfcm93IiwiZGF0YSI6eyJ0YWJsZXQiOnt9LCJtb2JpbGUiOnt9fX0=&#8221; mobile_bg_img_hidden=&#8221;no&#8221; tablet_bg_img_hidden=&#8221;no&#8221; woodmart_parallax=&#8221;0&#8243; woodmart_gradient_switch=&#8221;no&#8221;<\/p>\n","protected":false},"author":1,"featured_media":1502,"parent":1050,"menu_order":0,"comment_status":"closed","ping_status":"closed","template":"","meta":{"footnotes":""},"class_list":["post-2295","page","type-page","status-publish","has-post-thumbnail","hentry"],"_links":{"self":[{"href":"https:\/\/izmer.com\/en\/wp-json\/wp\/v2\/pages\/2295","targetHints":{"allow":["GET"]}}],"collection":[{"href":"https:\/\/izmer.com\/en\/wp-json\/wp\/v2\/pages"}],"about":[{"href":"https:\/\/izmer.com\/en\/wp-json\/wp\/v2\/types\/page"}],"author":[{"embeddable":true,"href":"https:\/\/izmer.com\/en\/wp-json\/wp\/v2\/users\/1"}],"replies":[{"embeddable":true,"href":"https:\/\/izmer.com\/en\/wp-json\/wp\/v2\/comments?post=2295"}],"version-history":[{"count":3,"href":"https:\/\/izmer.com\/en\/wp-json\/wp\/v2\/pages\/2295\/revisions"}],"predecessor-version":[{"id":4901,"href":"https:\/\/izmer.com\/en\/wp-json\/wp\/v2\/pages\/2295\/revisions\/4901"}],"up":[{"embeddable":true,"href":"https:\/\/izmer.com\/en\/wp-json\/wp\/v2\/pages\/1050"}],"wp:featuredmedia":[{"embeddable":true,"href":"https:\/\/izmer.com\/en\/wp-json\/wp\/v2\/media\/1502"}],"wp:attachment":[{"href":"https:\/\/izmer.com\/en\/wp-json\/wp\/v2\/media?parent=2295"}],"curies":[{"name":"wp","href":"https:\/\/api.w.org\/{rel}","templated":true}]}}