{"id":977,"date":"2019-08-03T11:09:43","date_gmt":"2019-08-03T11:09:43","guid":{"rendered":"http:\/\/izmer.com\/site\/?page_id=977"},"modified":"2026-03-14T19:25:05","modified_gmt":"2026-03-14T17:25:05","slug":"shingle-dekoratif-cati-kaplamalari","status":"publish","type":"page","link":"https:\/\/izmer.com\/en\/btm\/shingle-dekoratif-cati-kaplamalari\/","title":{"rendered":"Shingle Dekoratif \u00c7at\u0131 Kaplamalar\u0131"},"content":{"rendered":"<div class=\"wpb-content-wrapper\"><p>[vc_row full_width=&#8221;stretch_row&#8221; css=&#8221;.vc_custom_1752738741371{margin-top: -50px !important;background-image: url(http:\/\/izmer.com\/site\/wp-content\/uploads\/2019\/08\/cool-shingle-plus-k-ss.jpg?id=482) !important;background-position: center !important;background-repeat: no-repeat !important;background-size: cover !important;}&#8221; wpex_bg_position=&#8221;top&#8221; woodmart_css_id=&#8221;6878abafb0e94&#8243; responsive_spacing=&#8221;eyJwYXJhbV90eXBlIjoid29vZG1hcnRfcmVzcG9uc2l2ZV9zcGFjaW5nIiwic2VsZWN0b3JfaWQiOiI2ODc4YWJhZmIwZTk0Iiwic2hvcnRjb2RlIjoidmNfcm93IiwiZGF0YSI6eyJ0YWJsZXQiOnt9LCJtb2JpbGUiOnt9fX0=&#8221; mobile_bg_img_hidden=&#8221;no&#8221; tablet_bg_img_hidden=&#8221;no&#8221; woodmart_parallax=&#8221;0&#8243; woodmart_gradient_switch=&#8221;no&#8221; woodmart_box_shadow=&#8221;no&#8221; wd_z_index=&#8221;no&#8221; woodmart_disable_overflow=&#8221;0&#8243; row_reverse_mobile=&#8221;0&#8243; row_reverse_tablet=&#8221;0&#8243;][vc_column]\n\t\t<div id=\"wd-6878ad778cbc4\" class=\"title-wrapper wd-wpb wd-set-mb reset-last-child  wd-rs-6878ad778cbc4 wd-title-color-alt wd-title-style-underlined text-center  wd-underline-colored\">\n\t\t\t\t\t\t\t\n\t\t\t\t<div class=\"title-subtitle  subtitle-color-alt font-default subtitle-style-default wd-font-weight- wd-fontsize-xs\">\u0130 Z M E R<\/div>\n\t\t\t\n\t\t\t<div class=\"liner-continer\">\n\t\t\t\t<h4 class=\"woodmart-title-container title  wd-font-weight- wd-fontsize-l\" >Shingle Decorative Roof Coverings<\/h4>\n\t\t\t\t\t\t\t<\/div>\n\t\t\t\n\t\t\t\n\t\t\t\n\t\t<\/div>\n\t\t\n\t\t[\/vc_column][\/vc_row][vc_row][vc_column][vc_empty_space]\n\t\t<div id=\"wd-6878ad7f9b0cd\" class=\"title-wrapper wd-wpb wd-set-mb reset-last-child  wd-rs-6878ad7f9b0cd wd-title-color-alt wd-title-style-underlined text-center  wd-underline-colored\">\n\t\t\t\t\t\t\t\n\t\t\t\t<div class=\"title-subtitle  subtitle-color-alt font-default subtitle-style-default wd-font-weight- wd-fontsize-xs\">\u0130 Z M E R<\/div>\n\t\t\t\n\t\t\t<div class=\"liner-continer\">\n\t\t\t\t<h4 class=\"woodmart-title-container title  wd-font-weight- wd-fontsize-l\" >Advantages<\/h4>\n\t\t\t\t\t\t\t<\/div>\n\t\t\t\n\t\t\t\n\t\t\t\n\t\t<\/div>\n\t\t\n\t\t[vc_empty_space height=&#8221;12px&#8221;][vc_column_text css=&#8221;&#8221; woodmart_inline=&#8221;no&#8221; text_larger=&#8221;no&#8221;]<\/p>\n<p style=\"text-align: center;\">BTM Shingles:<\/p>\n<p style=\"text-align: center;\">Watertight.<\/p>\n<p style=\"text-align: center;\">Extremely easy to apply.<\/p>\n<p style=\"text-align: center;\">Provides a totally different appearance from the ordinary outlook of roofs thanks to its variable geometry.<\/p>\n<p style=\"text-align: center;\">Does not place burden on the roofs, consequently on the buildings thanks to its light structure.<\/p>\n<p style=\"text-align: center;\">Extremely resistant against wind due to its fully adhering characteristic.<\/p>\n<p style=\"text-align: center;\">Long-lasting.<\/p>\n<p style=\"text-align: center;\">Resistant to UV rays.<\/p>\n<p>[\/vc_column_text]\n\t\t<div id=\"wd-6878ad984dc25\" class=\"title-wrapper wd-wpb wd-set-mb reset-last-child  wd-rs-6878ad984dc25 wd-title-color-alt wd-title-style-underlined text-center  wd-underline-colored\">\n\t\t\t\t\t\t\t\n\t\t\t\t<div class=\"title-subtitle  subtitle-color-alt font-default subtitle-style-default wd-font-weight- wd-fontsize-xs\">\u0130 Z M E R<\/div>\n\t\t\t\n\t\t\t<div class=\"liner-continer\">\n\t\t\t\t<h4 class=\"woodmart-title-container title  wd-font-weight- wd-fontsize-l\" >Product Options<\/h4>\n\t\t\t\t\t\t\t<\/div>\n\t\t\t\n\t\t\t\n\t\t\t\n\t\t<\/div>\n\t\t\n\t\t[\/vc_column][\/vc_row][vc_row][vc_column width=&#8221;1\/4&#8243;][vc_custom_heading text=&#8221;BTM Shingle Dragon&#8221; font_container=&#8221;tag:h3|text_align:center&#8221; use_theme_fonts=&#8221;yes&#8221;]\t\t<div id=\"gallery_532\" class=\"wd-images-gallery wd-wpb wd-rs-6878aca9d19f6 photoswipe-images\" style=\"--wd-justify-content:center;--wd-align-items:center;\">\n\t\t\t\n\t\t\t<div class=\" wd-grid-g\" style=\"--wd-col-lg:2;--wd-col-md:2;--wd-col-sm:1;--wd-gap-lg:2px;\">\n\t\t\t\t\n\t\t\t\t\t\t\t\t\t\t\t\t\t\t\t<div class=\"wd-gallery-item wd-col\">\n\t\t\t\t\t\t\t\t\t\t\t\t\t\t<a href=\"https:\/\/izmer.com\/wp-content\/uploads\/2019\/08\/dragon_duman_main_1.jpg\" data-elementor-open-lightbox=\"no\" data-index=\"1\" data-width=\"585\" data-height=\"295\" \n\t\t\t\t\t\t\t\t\t\t\t\t >\n\t\t\t\t\t\t\t\t\n\t\t\t\t\t\t\t\t<img loading=\"lazy\" decoding=\"async\" width=\"300\" height=\"151\" src=\"https:\/\/izmer.com\/wp-content\/uploads\/2019\/08\/dragon_duman_main_1-300x151.jpg\" class=\"wd-gallery-image image-1\" alt=\"\" srcset=\"https:\/\/izmer.com\/wp-content\/uploads\/2019\/08\/dragon_duman_main_1-300x151.jpg 300w, https:\/\/izmer.com\/wp-content\/uploads\/2019\/08\/dragon_duman_main_1.jpg 585w\" sizes=\"auto, (max-width: 300px) 100vw, 300px\" \/>\n\t\t\t\t\t\t\t\t\t\t\t\t\t\t\t<\/a>\n\t\t\t\t\t\t\t\t\t\t\t\t<\/div>\n\t\t\t\t\t\t\t\t\t\t\t<div class=\"wd-gallery-item wd-col\">\n\t\t\t\t\t\t\t\t\t\t\t\t\t\t<a href=\"https:\/\/izmer.com\/wp-content\/uploads\/2019\/08\/dragon_kum_griii_main.jpg\" data-elementor-open-lightbox=\"no\" data-index=\"2\" data-width=\"585\" data-height=\"295\" \n\t\t\t\t\t\t\t\t\t\t\t\t >\n\t\t\t\t\t\t\t\t\n\t\t\t\t\t\t\t\t<img loading=\"lazy\" decoding=\"async\" width=\"300\" height=\"151\" src=\"https:\/\/izmer.com\/wp-content\/uploads\/2019\/08\/dragon_kum_griii_main-300x151.jpg\" class=\"wd-gallery-image image-2\" alt=\"\" srcset=\"https:\/\/izmer.com\/wp-content\/uploads\/2019\/08\/dragon_kum_griii_main-300x151.jpg 300w, https:\/\/izmer.com\/wp-content\/uploads\/2019\/08\/dragon_kum_griii_main.jpg 585w\" sizes=\"auto, (max-width: 300px) 100vw, 300px\" \/>\n\t\t\t\t\t\t\t\t\t\t\t\t\t\t\t<\/a>\n\t\t\t\t\t\t\t\t\t\t\t\t<\/div>\n\t\t\t\t\t\t\t\t\t\n\t\t\t\t\t\t\t<\/div>\n\n\t\t\t\t\t<\/div>\n\t\t[\/vc_column][vc_column width=&#8221;1\/4&#8243;][vc_custom_heading text=&#8221;BTM Shingle Yonca&#8221; font_container=&#8221;tag:h3|text_align:center&#8221; use_theme_fonts=&#8221;yes&#8221;]\t\t<div id=\"gallery_610\" class=\"wd-images-gallery wd-wpb wd-rs-6878ad0298a1f photoswipe-images\" style=\"--wd-justify-content:center;--wd-align-items:center;\">\n\t\t\t\n\t\t\t<div class=\" wd-grid-g\" style=\"--wd-col-lg:2;--wd-col-md:2;--wd-col-sm:1;--wd-gap-lg:2px;\">\n\t\t\t\t\n\t\t\t\t\t\t\t\t\t\t\t\t\t\t\t<div class=\"wd-gallery-item wd-col\">\n\t\t\t\t\t\t\t\t\t\t\t\t\t\t<a href=\"https:\/\/izmer.com\/wp-content\/uploads\/2020\/07\/BTM-Shingle-yonca-2.jpg\" data-elementor-open-lightbox=\"no\" data-index=\"1\" data-width=\"197\" data-height=\"100\" \n\t\t\t\t\t\t\t\t\t\t\t\t >\n\t\t\t\t\t\t\t\t\n\t\t\t\t\t\t\t\t<img loading=\"lazy\" decoding=\"async\" width=\"197\" height=\"100\" src=\"https:\/\/izmer.com\/wp-content\/uploads\/2020\/07\/BTM-Shingle-yonca-2.jpg\" class=\"wd-gallery-image image-1\" alt=\"\" \/>\n\t\t\t\t\t\t\t\t\t\t\t\t\t\t\t<\/a>\n\t\t\t\t\t\t\t\t\t\t\t\t<\/div>\n\t\t\t\t\t\t\t\t\t\t\t<div class=\"wd-gallery-item wd-col\">\n\t\t\t\t\t\t\t\t\t\t\t\t\t\t<a href=\"https:\/\/izmer.com\/wp-content\/uploads\/2019\/08\/yonca_yesil_main.jpg\" data-elementor-open-lightbox=\"no\" data-index=\"2\" data-width=\"585\" data-height=\"295\" \n\t\t\t\t\t\t\t\t\t\t\t\t >\n\t\t\t\t\t\t\t\t\n\t\t\t\t\t\t\t\t<img loading=\"lazy\" decoding=\"async\" width=\"300\" height=\"151\" src=\"https:\/\/izmer.com\/wp-content\/uploads\/2019\/08\/yonca_yesil_main-300x151.jpg\" class=\"wd-gallery-image image-2\" alt=\"\" srcset=\"https:\/\/izmer.com\/wp-content\/uploads\/2019\/08\/yonca_yesil_main-300x151.jpg 300w, https:\/\/izmer.com\/wp-content\/uploads\/2019\/08\/yonca_yesil_main.jpg 585w\" sizes=\"auto, (max-width: 300px) 100vw, 300px\" \/>\n\t\t\t\t\t\t\t\t\t\t\t\t\t\t\t<\/a>\n\t\t\t\t\t\t\t\t\t\t\t\t<\/div>\n\t\t\t\t\t\t\t\t\t\n\t\t\t\t\t\t\t<\/div>\n\n\t\t\t\t\t<\/div>\n\t\t[\/vc_column][vc_column width=&#8221;1\/4&#8243;][vc_custom_heading text=&#8221;BTM Shingle Galaksi Klasik&#8221; font_container=&#8221;tag:h3|text_align:center&#8221; use_theme_fonts=&#8221;yes&#8221;]\t\t<div id=\"gallery_606\" class=\"wd-images-gallery wd-wpb wd-rs-6878ad22a66f1 photoswipe-images\" style=\"--wd-justify-content:center;--wd-align-items:center;\">\n\t\t\t\n\t\t\t<div class=\" wd-grid-g\" style=\"--wd-col-lg:2;--wd-col-md:2;--wd-col-sm:1;--wd-gap-lg:2px;\">\n\t\t\t\t\n\t\t\t\t\t\t\t\t\t\t\t\t\t\t\t<div class=\"wd-gallery-item wd-col\">\n\t\t\t\t\t\t\t\t\t\t\t\t\t\t<a href=\"https:\/\/izmer.com\/wp-content\/uploads\/2019\/08\/galaksi_kirmizi_main.jpg\" data-elementor-open-lightbox=\"no\" data-index=\"1\" data-width=\"585\" data-height=\"295\" \n\t\t\t\t\t\t\t\t\t\t\t\t >\n\t\t\t\t\t\t\t\t\n\t\t\t\t\t\t\t\t<img loading=\"lazy\" decoding=\"async\" width=\"300\" height=\"151\" src=\"https:\/\/izmer.com\/wp-content\/uploads\/2019\/08\/galaksi_kirmizi_main-300x151.jpg\" class=\"wd-gallery-image image-1\" alt=\"\" srcset=\"https:\/\/izmer.com\/wp-content\/uploads\/2019\/08\/galaksi_kirmizi_main-300x151.jpg 300w, https:\/\/izmer.com\/wp-content\/uploads\/2019\/08\/galaksi_kirmizi_main.jpg 585w\" sizes=\"auto, (max-width: 300px) 100vw, 300px\" \/>\n\t\t\t\t\t\t\t\t\t\t\t\t\t\t\t<\/a>\n\t\t\t\t\t\t\t\t\t\t\t\t<\/div>\n\t\t\t\t\t\t\t\t\t\t\t<div class=\"wd-gallery-item wd-col\">\n\t\t\t\t\t\t\t\t\t\t\t\t\t\t<a href=\"https:\/\/izmer.com\/wp-content\/uploads\/2019\/08\/galaksi_yesil_main.jpg\" data-elementor-open-lightbox=\"no\" data-index=\"2\" data-width=\"585\" data-height=\"295\" \n\t\t\t\t\t\t\t\t\t\t\t\t >\n\t\t\t\t\t\t\t\t\n\t\t\t\t\t\t\t\t<img loading=\"lazy\" decoding=\"async\" width=\"300\" height=\"151\" src=\"https:\/\/izmer.com\/wp-content\/uploads\/2019\/08\/galaksi_yesil_main-300x151.jpg\" class=\"wd-gallery-image image-2\" alt=\"\" srcset=\"https:\/\/izmer.com\/wp-content\/uploads\/2019\/08\/galaksi_yesil_main-300x151.jpg 300w, https:\/\/izmer.com\/wp-content\/uploads\/2019\/08\/galaksi_yesil_main.jpg 585w\" sizes=\"auto, (max-width: 300px) 100vw, 300px\" \/>\n\t\t\t\t\t\t\t\t\t\t\t\t\t\t\t<\/a>\n\t\t\t\t\t\t\t\t\t\t\t\t<\/div>\n\t\t\t\t\t\t\t\t\t\n\t\t\t\t\t\t\t<\/div>\n\n\t\t\t\t\t<\/div>\n\t\t[\/vc_column][vc_column width=&#8221;1\/4&#8243;][vc_custom_heading text=&#8221;BTM Shingle Galaksi Modern&#8221; font_container=&#8221;tag:h3|text_align:center&#8221; use_theme_fonts=&#8221;yes&#8221;]\t\t<div id=\"gallery_688\" class=\"wd-images-gallery wd-wpb wd-rs-6878ad4752686 photoswipe-images\" style=\"--wd-justify-content:center;--wd-align-items:center;\">\n\t\t\t\n\t\t\t<div class=\" wd-grid-g\" style=\"--wd-col-lg:2;--wd-col-md:2;--wd-col-sm:1;--wd-gap-lg:2px;\">\n\t\t\t\t\n\t\t\t\t\t\t\t\t\t\t\t\t\t\t\t<div class=\"wd-gallery-item wd-col\">\n\t\t\t\t\t\t\t\t\t\t\t\t\t\t<a href=\"https:\/\/izmer.com\/wp-content\/uploads\/2019\/08\/galaksi_moder_kirmizi_main.jpg\" data-elementor-open-lightbox=\"no\" data-index=\"1\" data-width=\"585\" data-height=\"295\" \n\t\t\t\t\t\t\t\t\t\t\t\t >\n\t\t\t\t\t\t\t\t\n\t\t\t\t\t\t\t\t<img loading=\"lazy\" decoding=\"async\" width=\"300\" height=\"151\" src=\"https:\/\/izmer.com\/wp-content\/uploads\/2019\/08\/galaksi_moder_kirmizi_main-300x151.jpg\" class=\"wd-gallery-image image-1\" alt=\"\" srcset=\"https:\/\/izmer.com\/wp-content\/uploads\/2019\/08\/galaksi_moder_kirmizi_main-300x151.jpg 300w, https:\/\/izmer.com\/wp-content\/uploads\/2019\/08\/galaksi_moder_kirmizi_main.jpg 585w\" sizes=\"auto, (max-width: 300px) 100vw, 300px\" \/>\n\t\t\t\t\t\t\t\t\t\t\t\t\t\t\t<\/a>\n\t\t\t\t\t\t\t\t\t\t\t\t<\/div>\n\t\t\t\t\t\t\t\t\t\t\t<div class=\"wd-gallery-item wd-col\">\n\t\t\t\t\t\t\t\t\t\t\t\t\t\t<a href=\"https:\/\/izmer.com\/wp-content\/uploads\/2019\/08\/galaksi_modern_yesil_main.jpg\" data-elementor-open-lightbox=\"no\" data-index=\"2\" data-width=\"585\" data-height=\"295\" \n\t\t\t\t\t\t\t\t\t\t\t\t >\n\t\t\t\t\t\t\t\t\n\t\t\t\t\t\t\t\t<img loading=\"lazy\" decoding=\"async\" width=\"300\" height=\"151\" src=\"https:\/\/izmer.com\/wp-content\/uploads\/2019\/08\/galaksi_modern_yesil_main-300x151.jpg\" class=\"wd-gallery-image image-2\" alt=\"\" srcset=\"https:\/\/izmer.com\/wp-content\/uploads\/2019\/08\/galaksi_modern_yesil_main-300x151.jpg 300w, https:\/\/izmer.com\/wp-content\/uploads\/2019\/08\/galaksi_modern_yesil_main.jpg 585w\" sizes=\"auto, (max-width: 300px) 100vw, 300px\" \/>\n\t\t\t\t\t\t\t\t\t\t\t\t\t\t\t<\/a>\n\t\t\t\t\t\t\t\t\t\t\t\t<\/div>\n\t\t\t\t\t\t\t\t\t\n\t\t\t\t\t\t\t<\/div>\n\n\t\t\t\t\t<\/div>\n\t\t[\/vc_column][\/vc_row]<\/p>\n<\/div>","protected":false},"excerpt":{"rendered":"<p>[vc_row full_width=&#8221;stretch_row&#8221; css=&#8221;.vc_custom_1752738741371{margin-top: -50px !important;background-image: url(http:\/\/izmer.com\/site\/wp-content\/uploads\/2019\/08\/cool-shingle-plus-k-ss.jpg?id=482) !important;background-position: center !important;background-repeat: no-repeat !important;background-size: cover !important;}&#8221; wpex_bg_position=&#8221;top&#8221; woodmart_css_id=&#8221;6878abafb0e94&#8243; responsive_spacing=&#8221;eyJwYXJhbV90eXBlIjoid29vZG1hcnRfcmVzcG9uc2l2ZV9zcGFjaW5nIiwic2VsZWN0b3JfaWQiOiI2ODc4YWJhZmIwZTk0Iiwic2hvcnRjb2RlIjoidmNfcm93IiwiZGF0YSI6eyJ0YWJsZXQiOnt9LCJtb2JpbGUiOnt9fX0=&#8221; mobile_bg_img_hidden=&#8221;no&#8221; tablet_bg_img_hidden=&#8221;no&#8221; woodmart_parallax=&#8221;0&#8243; woodmart_gradient_switch=&#8221;no&#8221;<\/p>\n","protected":false},"author":1,"featured_media":1502,"parent":1050,"menu_order":0,"comment_status":"closed","ping_status":"closed","template":"","meta":{"footnotes":""},"class_list":["post-977","page","type-page","status-publish","has-post-thumbnail","hentry"],"_links":{"self":[{"href":"https:\/\/izmer.com\/en\/wp-json\/wp\/v2\/pages\/977","targetHints":{"allow":["GET"]}}],"collection":[{"href":"https:\/\/izmer.com\/en\/wp-json\/wp\/v2\/pages"}],"about":[{"href":"https:\/\/izmer.com\/en\/wp-json\/wp\/v2\/types\/page"}],"author":[{"embeddable":true,"href":"https:\/\/izmer.com\/en\/wp-json\/wp\/v2\/users\/1"}],"replies":[{"embeddable":true,"href":"https:\/\/izmer.com\/en\/wp-json\/wp\/v2\/comments?post=977"}],"version-history":[{"count":4,"href":"https:\/\/izmer.com\/en\/wp-json\/wp\/v2\/pages\/977\/revisions"}],"predecessor-version":[{"id":4905,"href":"https:\/\/izmer.com\/en\/wp-json\/wp\/v2\/pages\/977\/revisions\/4905"}],"up":[{"embeddable":true,"href":"https:\/\/izmer.com\/en\/wp-json\/wp\/v2\/pages\/1050"}],"wp:featuredmedia":[{"embeddable":true,"href":"https:\/\/izmer.com\/en\/wp-json\/wp\/v2\/media\/1502"}],"wp:attachment":[{"href":"https:\/\/izmer.com\/en\/wp-json\/wp\/v2\/media?parent=977"}],"curies":[{"name":"wp","href":"https:\/\/api.w.org\/{rel}","templated":true}]}}